{"id":56,"date":"2013-06-10T12:10:10","date_gmt":"2013-06-10T12:10:10","guid":{"rendered":"http:\/\/synagoge-heinsheim.de\/?page_id=56"},"modified":"2024-03-25T11:02:26","modified_gmt":"2024-03-25T11:02:26","slug":"impressum","status":"publish","type":"page","link":"http:\/\/synagoge-heinsheim.de\/en\/impressum\/","title":{"rendered":"Impressum"},"content":{"rendered":"<p>Freundeskreis Ehemalige Synagoge Heinsheim e.V.<br \/>\nGemeinn\u00fctziger Verein &#8211; VR 3605 beim Amtsgericht Heilbronn<\/p>\n<p><strong>Volksbank Kraichgau<\/strong><br \/>\nIBAN DE28 6729 2200 0029 3600 06<br \/>\nBIC GENODE61WIE<\/p>\n<p><strong>Sparkasse Kraichgau<\/strong><br \/>\nIBAN DE71 6635 0036 0007 0859 48<br \/>\nBIC BRUSDE66XXX<\/p>\n<p><strong>1. Vorsitzende:<\/strong><br \/>\nYvonne von Racknitz<\/p>\n<p><strong>2. Vorsitzender:<\/strong><br \/>\nHans-Eckard Bucher<\/p>\n<p><strong>Gesch\u00e4ftsstellenanschrift und Kontakt:<\/strong><br \/>\nHans-Eckard Bucher<br \/>\nAmselgasse 5<br \/>\n74906 Bad Rappenau<br \/>\nTel.07264 3279<br \/>\neMail: hanseckardbucher@t-online.de<\/p>\n<h1>Haftungsausschluss<\/h1>\n<p>Die auf dieser Webseite bereitgestellten Informationen werden sorgf\u00e4ltig gepr\u00fcft und regelm\u00e4ssig aktualisiert. Dennoch k\u00f6nnen wir keine Haftung oder Garantie f\u00fcr die Aktualit\u00e4t, Richtigkeit und Vollst\u00e4ndigkeit der zur Verf\u00fcgung gestellten Informationen und Software \u00fcbernehmen.<br \/>\nF\u00fcr externe Links zu fremden Inhalten \u00fcbernehmen wir trotz sorgf\u00e4ltiger inhatlicher Kontrolle keine Haftung, da wir die \u00dcbermittlung dieser Informationen nicht veranlasst, den Adressaten der \u00fcbermittelten Informationen nicht ausgew\u00e4hlt oder ver\u00e4ndert haben.<br \/>\nDie Vervielf\u00e4ltigung von Informationen und Daten, insbesondere von Texten und Textteilen bedarf unserer vorherigen Zustimmung.<\/p>","protected":false},"excerpt":{"rendered":"<p>Freundeskreis Ehemalige Synagoge Heinsheim e.V. Gemeinn\u00fctziger Verein &#8211; VR 3605 beim Amtsgericht Heilbronn Volksbank Kraichgau IBAN DE28 6729 2200 0029 3600 06 BIC GENODE61WIE Sparkasse Kraichgau IBAN DE71 6635 0036 0007 0859 48 BIC BRUSDE66XXX 1. Vorsitzende: Yvonne von Racknitz 2. Vorsitzender: Hans-Eckard Bucher Gesch\u00e4ftsstellenanschrift und Kontakt: Hans-Eckard Bucher Amselgasse 5 74906 Bad Rappenau Tel.07264<\/p>\n","protected":false},"author":1,"featured_media":0,"parent":0,"menu_order":0,"comment_status":"closed","ping_status":"open","template":"","meta":{"footnotes":""},"class_list":["post-56","page","type-page","status-publish","hentry"],"_links":{"self":[{"href":"http:\/\/synagoge-heinsheim.de\/en\/wp-json\/wp\/v2\/pages\/56","targetHints":{"allow":["GET"]}}],"collection":[{"href":"http:\/\/synagoge-heinsheim.de\/en\/wp-json\/wp\/v2\/pages"}],"about":[{"href":"http:\/\/synagoge-heinsheim.de\/en\/wp-json\/wp\/v2\/types\/page"}],"author":[{"embeddable":true,"href":"http:\/\/synagoge-heinsheim.de\/en\/wp-json\/wp\/v2\/users\/1"}],"replies":[{"embeddable":true,"href":"http:\/\/synagoge-heinsheim.de\/en\/wp-json\/wp\/v2\/comments?post=56"}],"version-history":[{"count":31,"href":"http:\/\/synagoge-heinsheim.de\/en\/wp-json\/wp\/v2\/pages\/56\/revisions"}],"predecessor-version":[{"id":3191,"href":"http:\/\/synagoge-heinsheim.de\/en\/wp-json\/wp\/v2\/pages\/56\/revisions\/3191"}],"wp:attachment":[{"href":"http:\/\/synagoge-heinsheim.de\/en\/wp-json\/wp\/v2\/media?parent=56"}],"curies":[{"name":"wp","href":"https:\/\/api.w.org\/{rel}","templated":true}]}}