{"id":61,"date":"2013-06-10T12:11:40","date_gmt":"2013-06-10T12:11:40","guid":{"rendered":"http:\/\/synagoge-heinsheim.de\/?page_id=61"},"modified":"2021-03-31T16:53:38","modified_gmt":"2021-03-31T16:53:38","slug":"linkliste","status":"publish","type":"page","link":"http:\/\/synagoge-heinsheim.de\/en\/linkliste\/","title":{"rendered":"Weblinks"},"content":{"rendered":"<p><strong><a href=\"http:\/\/www.juedisches-leben-kraichgau.de\/\" target=\"_blank\" rel=\"noopener noreferrer\">J\u00fcdisches Leben Kraichgau e.V.<\/a><\/strong><\/p>\n<p><strong><a href=\"http:\/\/www.stuttgarter-lehrhaus.de\/\" target=\"_blank\" rel=\"noopener noreferrer\">Stuttgarter Lehrhaus, Stiftung f\u00fcr interreligi\u00f6sen Dialog<\/a><\/strong><\/p>\n<p><strong><a href=\"http:\/\/www.alemannia-judaica.de\/index.htm\" target=\"_blank\" rel=\"noopener noreferrer\">Alemannia Judaica<\/a><\/strong><\/p>\n<p><strong><a href=\"http:\/\/www.pkc-freudental.de\/index.php\" target=\"_blank\" rel=\"noopener noreferrer\">P\u00e4dagogisch-Kulturelles Centrum &#8211;\u00a0Ehemalige Synagoge Freudental e.V.<\/a><\/strong><\/p>\n<p><strong><a href=\"http:\/\/www.hfjs.eu\/\" target=\"_blank\" rel=\"noopener noreferrer\">Hochschule f\u00fcr J\u00fcdische Studien Heidelberg<\/a><\/strong><\/p>\n<p><strong><a href=\"http:\/\/www.synagoge-affaltrach.de\/synagoge.html\" target=\"_blank\" rel=\"noopener noreferrer\">Synagoge Affaltrach<\/a><\/strong><\/p>\n<p><strong><a href=\"http:\/\/www.neckarsteig.de\/\" target=\"_blank\" rel=\"noopener noreferrer\">Neckarsteig<\/a><\/strong><\/p>\n<p><strong><a href=\"http:\/\/www.badrappenau.de\/330012.php?seitenid=725&amp;first=j - 10\" target=\"_blank\" rel=\"noopener noreferrer\">Stadt Bad Rappenau (F\u00fchrungen j\u00fcdischer Friedhof)<\/a><\/strong><\/p>\n<p><strong><a href=\"http:\/\/www.schule-bw.de\/unterricht\/faecheruebergreifende_themen\/landeskunde\/modelle\/epochen\/judengeschichte\/\" target=\"_blank\" rel=\"noopener noreferrer\">Landesbildungsserver B.W.\u00a0 (\u00fcber das j\u00fcdische Leben in BadenW\u00fcrttemberg<\/a><\/strong><\/p>\n<p><strong><a href=\"http:\/\/www.gedenkstaetten-bw.de\/\" target=\"_blank\" rel=\"noopener noreferrer\">Landeszentrale f\u00fcr politische Bildung B.W.<\/a><\/strong><\/p>\n<p><strong><a href=\"http:\/\/www.yadvashem.org\/\" target=\"_blank\" rel=\"noopener noreferrer\">http:\/\/www.yadvashem.org\/<\/a><\/strong><\/p>\n<p><strong><a href=\"http:\/\/db.yadvashem.org\/names\/search.html?language=en\" target=\"_blank\" rel=\"noopener noreferrer\">http:\/\/db.yadvashem.org\/names\/search.html?language=en<\/a><\/strong><\/p>\n<p><strong><a href=\"http:\/\/www.zeitspuren.info\/\" target=\"_blank\" rel=\"noopener noreferrer\">zeitspuren (Gerd Brander)<\/a><\/strong><\/p>\n<p><strong><a href=\"http:\/\/www.calvendo.de\/galerie\/jewish-gravyards-juedische-friedhoefe\/\" target=\"_blank\" rel=\"noopener noreferrer\">jewish-gravyards-juedische-friedhoefe (Walter H. Hoernig)<\/a><\/strong><\/p>\n<p>&nbsp;<\/p>\n<h2><strong>Video and audio contributions<\/strong><\/h2>\n<h3><strong>Anneliese Wagner \u2013 The Girl who escaped from Germany<\/strong><\/h3>\n<p>Dr. Andreas Rothenh\u00f6fer, a linguist at the university of Bremen, recalls the poet Anneliese Wagner during his lecture on February 6th, 2020 at the Wasserschloss in Bad Rappenau. Using her texts, he retraces the life journey of the Jewish survivor born in 1929 in Heinsheim.<br \/>\nCordial thanks to our club member Dr. Andreas Rothenh\u00f6fer. His lecture easily conveys that not only sheer expert knowledge was incorporated but also that it required very time consuming and thorough research. Since he waived his fees, the event could take place free of charge for all interested participants. Instead, the donations received will flow directly through to the project \u201cSynagoge Heinsheim.\u201d Many thanks!<br \/>\nFor Anneliese Wagner\u2019s friends and family members unable to attend the event, Alice Vogt documented the lecture adding English subtitles. She was assisted by Professor Gabriele Wickert. Our thanks to them as well.<\/p>\n<p><iframe loading=\"lazy\" src=\"\/\/player.vimeo.com\/video\/400523772\" width=\"720\" height=\"480\" frameborder=\"0\" allowfullscreen=\"allowfullscreen\"><\/iframe><\/p>\n<p><iframe loading=\"lazy\" src=\"\/\/player.vimeo.com\/video\/72220950\" width=\"720\" height=\"480\" frameborder=\"0\" allowfullscreen=\"allowfullscreen\"><\/iframe><\/p>\n<p><a href=\"http:\/\/vimeo.com\/72220950\">J\u00fcdischer Friedhof Heinsheim<\/a> from <a href=\"http:\/\/vimeo.com\/user9436288\">IBB Video Productions<\/a> on <a href=\"https:\/\/vimeo.com\">Vimeo<\/a>.<\/p>\n<p><iframe loading=\"lazy\" src=\"\/\/player.vimeo.com\/video\/87510947?title=0&amp;byline=0&amp;portrait=0\" width=\"720\" height=\"480\" frameborder=\"0\" allowfullscreen=\"allowfullscreen\"><\/iframe><\/p>\n<p><a href=\"http:\/\/vimeo.com\/87510947\">Das Konzentrationslager Neckarbischofsheim<\/a> from <a href=\"http:\/\/vimeo.com\/user9436288\">IBB Video Productions<\/a> on <a href=\"https:\/\/vimeo.com\">Vimeo<\/a>.<\/p>","protected":false},"excerpt":{"rendered":"<p>J\u00fcdisches Leben Kraichgau e.V. Stuttgarter Lehrhaus, Stiftung f\u00fcr interreligi\u00f6sen Dialog Alemannia Judaica P\u00e4dagogisch-Kulturelles Centrum &#8211;\u00a0Ehemalige Synagoge Freudental e.V. Hochschule f\u00fcr J\u00fcdische Studien Heidelberg Synagoge Affaltrach Neckarsteig Stadt Bad Rappenau (F\u00fchrungen j\u00fcdischer Friedhof) Landesbildungsserver B.W.\u00a0 (\u00fcber das j\u00fcdische Leben in BadenW\u00fcrttemberg Landeszentrale f\u00fcr politische Bildung B.W. http:\/\/www.yadvashem.org\/ http:\/\/db.yadvashem.org\/names\/search.html?language=en zeitspuren (Gerd Brander) jewish-gravyards-juedische-friedhoefe (Walter H. Hoernig) &nbsp;<\/p>\n","protected":false},"author":1,"featured_media":0,"parent":0,"menu_order":0,"comment_status":"closed","ping_status":"closed","template":"","meta":{"footnotes":""},"class_list":["post-61","page","type-page","status-publish","hentry"],"_links":{"self":[{"href":"http:\/\/synagoge-heinsheim.de\/en\/wp-json\/wp\/v2\/pages\/61","targetHints":{"allow":["GET"]}}],"collection":[{"href":"http:\/\/synagoge-heinsheim.de\/en\/wp-json\/wp\/v2\/pages"}],"about":[{"href":"http:\/\/synagoge-heinsheim.de\/en\/wp-json\/wp\/v2\/types\/page"}],"author":[{"embeddable":true,"href":"http:\/\/synagoge-heinsheim.de\/en\/wp-json\/wp\/v2\/users\/1"}],"replies":[{"embeddable":true,"href":"http:\/\/synagoge-heinsheim.de\/en\/wp-json\/wp\/v2\/comments?post=61"}],"version-history":[{"count":162,"href":"http:\/\/synagoge-heinsheim.de\/en\/wp-json\/wp\/v2\/pages\/61\/revisions"}],"predecessor-version":[{"id":2936,"href":"http:\/\/synagoge-heinsheim.de\/en\/wp-json\/wp\/v2\/pages\/61\/revisions\/2936"}],"wp:attachment":[{"href":"http:\/\/synagoge-heinsheim.de\/en\/wp-json\/wp\/v2\/media?parent=61"}],"curies":[{"name":"wp","href":"https:\/\/api.w.org\/{rel}","templated":true}]}}