{"id":9,"date":"2013-06-01T15:28:38","date_gmt":"2013-06-01T15:28:38","guid":{"rendered":"http:\/\/synagoge-heinsheim.de\/?page_id=9"},"modified":"2021-07-23T07:09:37","modified_gmt":"2021-07-23T07:09:37","slug":"synagoge-bilder","status":"publish","type":"page","link":"http:\/\/synagoge-heinsheim.de\/en\/synagoge-bilder\/","title":{"rendered":"Synagogue"},"content":{"rendered":"<p><\/p>\n<h2>Synagogue Heinsheim<\/h2>\n<p>The Former Synagogue Heinsheim previously presented a sad picture of decay. However, thanks to donations from members of our association as well as other generous patrons and sponsors, and thanks to the subsidies from the town of Bad Rappenau, the district of Heilbronn, the federal state of Baden W\u00fcrttemberg and the Sparkasse Kraichgau, renovation works could finally be taken up in July 2014. The first and most important step, the renovation of the roof was completed during October 2014. As soon as the necessary funds have been raised, we will also start to gradually restore the windows and the entrance area. After its renovation, the Former Synagogue Heinsheim shall serve as a place of remembrance, dialogue and culture.<\/p>\n<div style=\"width: 160px\" class=\"wp-caption alignleft\"><a href=\"http:\/\/synagoge-heinsheim.de\/wp-content\/uploads\/BG9A4210.jpg\"><img loading=\"lazy\" decoding=\"async\" src=\"http:\/\/synagoge-heinsheim.de\/wp-content\/uploads\/BG9A4210-150x150.jpg\" alt=\"  -\" width=\"150\" height=\"150\" \/><\/a><p class=\"wp-caption-text\">&#8211;<\/p><\/div>\n<div style=\"width: 160px\" class=\"wp-caption alignleft\"><a href=\"http:\/\/synagoge-heinsheim.de\/wp-content\/uploads\/BG9A4212.jpg\"><img loading=\"lazy\" decoding=\"async\" src=\"http:\/\/synagoge-heinsheim.de\/wp-content\/uploads\/BG9A4212-150x150.jpg\" alt=\"  \" width=\"150\" height=\"150\" \/><\/a><p class=\"wp-caption-text\">&#8211;<\/p><\/div>\n<div style=\"width: 160px\" class=\"wp-caption alignleft\"><a href=\"http:\/\/synagoge-heinsheim.de\/wp-content\/uploads\/BG9A4219.jpg\"><img loading=\"lazy\" decoding=\"async\" src=\"http:\/\/synagoge-heinsheim.de\/wp-content\/uploads\/BG9A4219-150x150.jpg\" alt=\"  \" width=\"150\" height=\"150\" \/><\/a><p class=\"wp-caption-text\">&#8211;<\/p><\/div>\n<div style=\"width: 160px\" class=\"wp-caption alignleft\"><a href=\"http:\/\/synagoge-heinsheim.de\/wp-content\/uploads\/BG9A4228.jpg\"><img loading=\"lazy\" decoding=\"async\" src=\"http:\/\/synagoge-heinsheim.de\/wp-content\/uploads\/BG9A4228-150x150.jpg\" alt=\"  \" width=\"150\" height=\"150\" \/><\/a><p class=\"wp-caption-text\">&#8211;<\/p><\/div>\n<div style=\"width: 160px\" class=\"wp-caption alignleft\"><a href=\"http:\/\/synagoge-heinsheim.de\/wp-content\/uploads\/BG9A4288.jpg\"><img loading=\"lazy\" decoding=\"async\" src=\"http:\/\/synagoge-heinsheim.de\/wp-content\/uploads\/BG9A4288-150x150.jpg\" alt=\" \" width=\"150\" height=\"150\" \/><\/a><p class=\"wp-caption-text\">&#8211;<\/p><\/div>\n<div style=\"width: 160px\" class=\"wp-caption alignleft\"><a href=\"http:\/\/synagoge-heinsheim.de\/wp-content\/uploads\/BG9A4300.jpg\"><img loading=\"lazy\" decoding=\"async\" src=\"http:\/\/synagoge-heinsheim.de\/wp-content\/uploads\/BG9A4300-150x150.jpg\" alt=\"  \" width=\"150\" height=\"150\" \/><\/a><p class=\"wp-caption-text\">&#8211;<\/p><\/div>\n<div style=\"width: 160px\" class=\"wp-caption alignleft\"><a href=\"http:\/\/synagoge-heinsheim.de\/wp-content\/uploads\/BG9A4302.jpg\"><img loading=\"lazy\" decoding=\"async\" src=\"http:\/\/synagoge-heinsheim.de\/wp-content\/uploads\/BG9A4302-150x150.jpg\" alt=\"  \" width=\"150\" height=\"150\" \/><\/a><p class=\"wp-caption-text\">&#8211;<\/p><\/div>\n<div style=\"width: 160px\" class=\"wp-caption alignleft\"><a href=\"http:\/\/synagoge-heinsheim.de\/wp-content\/uploads\/BG9A4309.jpg\"><img loading=\"lazy\" decoding=\"async\" src=\"http:\/\/synagoge-heinsheim.de\/wp-content\/uploads\/BG9A4309-150x150.jpg\" alt=\"  \" width=\"150\" height=\"150\" \/><\/a><p class=\"wp-caption-text\">&#8211;<\/p><\/div>\n<div style=\"width: 160px\" class=\"wp-caption alignleft\"><a href=\"http:\/\/synagoge-heinsheim.de\/wp-content\/uploads\/BG9A4327.jpg\"><img loading=\"lazy\" decoding=\"async\" src=\"http:\/\/synagoge-heinsheim.de\/wp-content\/uploads\/BG9A4327-150x150.jpg\" alt=\"  \" width=\"150\" height=\"150\" \/><\/a><p class=\"wp-caption-text\">&#8211;<\/p><\/div>\n<div style=\"width: 160px\" class=\"wp-caption alignleft\"><a href=\"http:\/\/synagoge-heinsheim.de\/wp-content\/uploads\/Innen1.jpg\"><img loading=\"lazy\" decoding=\"async\" src=\"http:\/\/synagoge-heinsheim.de\/wp-content\/uploads\/Innen1-150x150.jpg\" alt=\"  -\" width=\"150\" height=\"150\" \/><\/a><p class=\"wp-caption-text\">&#8211;<\/p><\/div>\n<div id=\"attachment_1329\" style=\"width: 160px\" class=\"wp-caption alignleft\"><a href=\"http:\/\/synagoge-heinsheim.de\/wp-content\/uploads\/20140926_S\u00fcden_klein.jpg\"><img loading=\"lazy\" decoding=\"async\" aria-describedby=\"caption-attachment-1329\" class=\"wp-image-1329 size-thumbnail\" src=\"http:\/\/synagoge-heinsheim.de\/wp-content\/uploads\/20140926_S\u00fcden_klein-150x150.jpg\" alt=\"S\u00fcdseite - der alte Kamin wurde erhalten und neu verwahrt. An der Fassage links oben ist der ehemalige Zugang zur Frauenempore zu erkennen.\" width=\"150\" height=\"150\" \/><\/a><p id=\"caption-attachment-1329\" class=\"wp-caption-text\"><br \/> S\u00fcdseite &#8211; der alte Kamin wurde erhalten und neu verwahrt. An der Fassage links oben ist der ehemalige Zugang zur Frauenempore zu erkennen.<\/p><\/div>\n<div id=\"attachment_1328\" style=\"width: 160px\" class=\"wp-caption alignleft\"><a href=\"http:\/\/synagoge-heinsheim.de\/wp-content\/uploads\/20140926_Nordost_klein.jpg\"><img loading=\"lazy\" decoding=\"async\" aria-describedby=\"caption-attachment-1328\" class=\"size-thumbnail wp-image-1328\" src=\"http:\/\/synagoge-heinsheim.de\/wp-content\/uploads\/20140926_Nordost_klein-150x150.jpg\" alt=\"Nordost-Ansicht. Das ovale Giebelfenster ist noch sehr gut erhalten.\" width=\"150\" height=\"150\" \/><\/a><p id=\"caption-attachment-1328\" class=\"wp-caption-text\"><br \/>Nordost-Ansicht. Das ovale Giebelfenster ist noch sehr gut erhalten.<\/p><\/div>\n<div id=\"attachment_1327\" style=\"width: 160px\" class=\"wp-caption alignleft\"><a href=\"http:\/\/synagoge-heinsheim.de\/wp-content\/uploads\/20140926_Norden_klein.jpg\"><img loading=\"lazy\" decoding=\"async\" aria-describedby=\"caption-attachment-1327\" class=\"size-thumbnail wp-image-1327\" src=\"http:\/\/synagoge-heinsheim.de\/wp-content\/uploads\/20140926_Norden_klein-150x150.jpg\" alt=\"Nordansicht - Stra\u00dfenseite zur Schlo\u00dfgasse.  Mit der Sanierung wird auch die idyllische Schl0\u00dfgasse aufgewertet. Hier f\u00fchrt der gut frequentierte, \u00fcberregionale Wanderweg \" width=\"150\" height=\"150\" \/><\/a><p id=\"caption-attachment-1327\" class=\"wp-caption-text\"><br \/>Nordansicht &#8211; Stra\u00dfenseite zur Schlo\u00dfgasse.<br \/>Mit der Sanierung wird auch die idyllische Schl0\u00dfgasse aufgewertet. Hier f\u00fchrt der gut frequentierte, \u00fcberregionale Wanderweg &#8220;Neckarsteig&#8221; vorbei.<br \/>Informationen zur &#8220;Synagoge&#8221; und unserem Projekt k\u00f6nnen durch interessierte Wanderer \u00fcber einen am Geb\u00e4ude angebrachten QR-Code angerufen werden.<\/p><\/div>\n<div id=\"attachment_1304\" style=\"width: 160px\" class=\"wp-caption alignleft\"><a href=\"http:\/\/synagoge-heinsheim.de\/wp-content\/uploads\/20140909_4.jpg\"><img loading=\"lazy\" decoding=\"async\" aria-describedby=\"caption-attachment-1304\" class=\"size-thumbnail wp-image-1304\" src=\"http:\/\/synagoge-heinsheim.de\/wp-content\/uploads\/20140909_4-150x150.jpg\" alt=\"Das Dach ist beinahe fertig gedeckt. Hier ist die Westansicht zu sehen.\" width=\"150\" height=\"150\" \/><\/a><p id=\"caption-attachment-1304\" class=\"wp-caption-text\"><br \/>Das Dach ist beinahe fertig gedeckt. Hier ist die Westansicht zu sehen.<\/p><\/div>\n<div id=\"attachment_1303\" style=\"width: 160px\" class=\"wp-caption alignleft\"><a href=\"http:\/\/synagoge-heinsheim.de\/wp-content\/uploads\/20140909_7.jpg\"><img loading=\"lazy\" decoding=\"async\" aria-describedby=\"caption-attachment-1303\" class=\"wp-image-1303 size-thumbnail\" src=\"http:\/\/synagoge-heinsheim.de\/wp-content\/uploads\/20140909_7-150x150.jpg\" alt=\"   -\" width=\"150\" height=\"150\" \/><\/a><p id=\"caption-attachment-1303\" class=\"wp-caption-text\">&#8211;<\/p><\/div>\n<div id=\"attachment_1302\" style=\"width: 160px\" class=\"wp-caption alignleft\"><a href=\"http:\/\/synagoge-heinsheim.de\/wp-content\/uploads\/20140909_2.jpg\"><img loading=\"lazy\" decoding=\"async\" aria-describedby=\"caption-attachment-1302\" class=\"wp-image-1302 size-thumbnail\" src=\"http:\/\/synagoge-heinsheim.de\/wp-content\/uploads\/20140909_2-150x150.jpg\" alt=\"  -\" width=\"150\" height=\"150\" \/><\/a><p id=\"caption-attachment-1302\" class=\"wp-caption-text\">&#8211;<\/p><\/div>\n<div id=\"attachment_1301\" style=\"width: 160px\" class=\"wp-caption alignleft\"><a href=\"http:\/\/synagoge-heinsheim.de\/wp-content\/uploads\/20140812_2_klein.jpg\"><img loading=\"lazy\" decoding=\"async\" aria-describedby=\"caption-attachment-1301\" class=\"wp-image-1301 size-thumbnail\" src=\"http:\/\/synagoge-heinsheim.de\/wp-content\/uploads\/20140812_2_klein-150x150.jpg\" alt=\"- \" width=\"150\" height=\"150\" \/><\/a><p id=\"caption-attachment-1301\" class=\"wp-caption-text\">&#8211;<\/p><\/div>\n<div id=\"attachment_1300\" style=\"width: 160px\" class=\"wp-caption alignleft\"><a href=\"http:\/\/synagoge-heinsheim.de\/wp-content\/uploads\/20140714_4.jpg\"><img loading=\"lazy\" decoding=\"async\" aria-describedby=\"caption-attachment-1300\" class=\"wp-image-1300 size-thumbnail\" src=\"http:\/\/synagoge-heinsheim.de\/wp-content\/uploads\/20140714_4-150x150.jpg\" alt=\"  -\" width=\"150\" height=\"150\" \/><\/a><p id=\"caption-attachment-1300\" class=\"wp-caption-text\">&#8211;<\/p><\/div>\n<div id=\"attachment_1299\" style=\"width: 160px\" class=\"wp-caption alignleft\"><a href=\"http:\/\/synagoge-heinsheim.de\/wp-content\/uploads\/20140625-Einr\u00fcstung.jpg\"><img loading=\"lazy\" decoding=\"async\" aria-describedby=\"caption-attachment-1299\" class=\"wp-image-1299 size-thumbnail\" src=\"http:\/\/synagoge-heinsheim.de\/wp-content\/uploads\/20140625-Einr\u00fcstung-150x150.jpg\" alt=\"  -\" width=\"150\" height=\"150\" srcset=\"http:\/\/synagoge-heinsheim.de\/wp-content\/uploads\/20140625-Einr\u00fcstung-150x150.jpg 150w, http:\/\/synagoge-heinsheim.de\/wp-content\/uploads\/20140625-Einr\u00fcstung-298x300.jpg 298w, http:\/\/synagoge-heinsheim.de\/wp-content\/uploads\/20140625-Einr\u00fcstung-1019x1024.jpg 1019w, http:\/\/synagoge-heinsheim.de\/wp-content\/uploads\/20140625-Einr\u00fcstung-100x100.jpg 100w\" sizes=\"auto, (max-width: 150px) 100vw, 150px\" \/><\/a><p id=\"caption-attachment-1299\" class=\"wp-caption-text\">&#8211;<\/p><\/div>\n<div id=\"attachment_1330\" style=\"width: 160px\" class=\"wp-caption alignleft\"><a href=\"http:\/\/synagoge-heinsheim.de\/wp-content\/uploads\/20140926_S\u00fcdwest_klein.jpg\"><img loading=\"lazy\" decoding=\"async\" aria-describedby=\"caption-attachment-1330\" class=\"size-thumbnail wp-image-1330\" src=\"http:\/\/synagoge-heinsheim.de\/wp-content\/uploads\/20140926_S\u00fcdwest_klein-150x150.jpg\" alt=\"Giebelseite von S\u00fcdwesten. Hier befindet sich das Portal mit dem Hochzeitsstein. \" width=\"150\" height=\"150\" \/><\/a><p id=\"caption-attachment-1330\" class=\"wp-caption-text\"><br \/>Giebelseite von S\u00fcdwesten. Hier befindet sich das Portal mit dem Hochzeitsstein.<\/p><\/div>\n<div id=\"attachment_1420\" style=\"width: 160px\" class=\"wp-caption alignleft\"><a href=\"http:\/\/synagoge-heinsheim.de\/wp-content\/uploads\/20141031_Norden_klein.jpg\"><img loading=\"lazy\" decoding=\"async\" aria-describedby=\"caption-attachment-1420\" class=\"wp-image-1420 size-thumbnail\" src=\"http:\/\/synagoge-heinsheim.de\/wp-content\/uploads\/20141031_Norden_klein-150x150.jpg\" alt=\"  -\" width=\"150\" height=\"150\" \/><\/a><p id=\"caption-attachment-1420\" class=\"wp-caption-text\">&#8211;<\/p><\/div>\n<div id=\"attachment_1421\" style=\"width: 160px\" class=\"wp-caption alignleft\"><a href=\"http:\/\/synagoge-heinsheim.de\/wp-content\/uploads\/20141031_Nordost_klein.jpg\"><img loading=\"lazy\" decoding=\"async\" aria-describedby=\"caption-attachment-1421\" class=\"wp-image-1421 size-thumbnail\" src=\"http:\/\/synagoge-heinsheim.de\/wp-content\/uploads\/20141031_Nordost_klein-150x150.jpg\" alt=\"  -\" width=\"150\" height=\"150\" \/><\/a><p id=\"caption-attachment-1421\" class=\"wp-caption-text\">&#8211;<\/p><\/div>\n<div id=\"attachment_1422\" style=\"width: 160px\" class=\"wp-caption alignleft\"><a href=\"http:\/\/synagoge-heinsheim.de\/wp-content\/uploads\/20141031_S\u00fcden_klein.jpg\"><img loading=\"lazy\" decoding=\"async\" aria-describedby=\"caption-attachment-1422\" class=\"wp-image-1422 size-thumbnail\" src=\"http:\/\/synagoge-heinsheim.de\/wp-content\/uploads\/20141031_S\u00fcden_klein-150x150.jpg\" alt=\"  -\" width=\"150\" height=\"150\" \/><\/a><p id=\"caption-attachment-1422\" class=\"wp-caption-text\">&#8211;<\/p><\/div>\n<div id=\"attachment_1423\" style=\"width: 160px\" class=\"wp-caption alignleft\"><a href=\"http:\/\/synagoge-heinsheim.de\/wp-content\/uploads\/20141031_S\u00fcdwest_klein.jpg\"><img loading=\"lazy\" decoding=\"async\" aria-describedby=\"caption-attachment-1423\" class=\"wp-image-1423 size-thumbnail\" src=\"http:\/\/synagoge-heinsheim.de\/wp-content\/uploads\/20141031_S\u00fcdwest_klein-150x150.jpg\" alt=\"  -\" width=\"150\" height=\"150\" \/><\/a><p id=\"caption-attachment-1423\" class=\"wp-caption-text\">&#8211;<\/p><\/div>\n<p><div id=\"attachment_1424\" style=\"width: 160px\" class=\"wp-caption alignleft\"><a href=\"http:\/\/synagoge-heinsheim.de\/wp-content\/uploads\/Hochzeitsstein-2014_10_klein.jpg\"><img loading=\"lazy\" decoding=\"async\" aria-describedby=\"caption-attachment-1424\" class=\"size-thumbnail wp-image-1424\" src=\"http:\/\/synagoge-heinsheim.de\/wp-content\/uploads\/Hochzeitsstein-2014_10_klein-150x150.jpg\" alt=\"Hochzeitsstein - mit dem Baujahr 1796 (Aufnahme: Bernd G\u00f6ller, 31.10.2014)\" width=\"150\" height=\"150\" srcset=\"http:\/\/synagoge-heinsheim.de\/wp-content\/uploads\/Hochzeitsstein-2014_10_klein-150x150.jpg 150w, http:\/\/synagoge-heinsheim.de\/wp-content\/uploads\/Hochzeitsstein-2014_10_klein-298x300.jpg 298w, http:\/\/synagoge-heinsheim.de\/wp-content\/uploads\/Hochzeitsstein-2014_10_klein-1020x1024.jpg 1020w, http:\/\/synagoge-heinsheim.de\/wp-content\/uploads\/Hochzeitsstein-2014_10_klein-100x100.jpg 100w, http:\/\/synagoge-heinsheim.de\/wp-content\/uploads\/Hochzeitsstein-2014_10_klein.jpg 1331w\" sizes=\"auto, (max-width: 150px) 100vw, 150px\" \/><\/a><p id=\"caption-attachment-1424\" class=\"wp-caption-text\"><br \/>Hochzeitsstein &#8211; mit dem Baujahr 1796 (Aufnahme: Bernd G\u00f6ller, 31.10.2014)<\/p><\/div><\/p>","protected":false},"excerpt":{"rendered":"<p>Synagogue Heinsheim The Former Synagogue Heinsheim previously presented a sad picture of decay. However, thanks to donations from members of our association as well as other generous patrons and sponsors, and thanks to the subsidies from the town of Bad Rappenau, the district of Heilbronn, the federal state of Baden W\u00fcrttemberg and the Sparkasse Kraichgau,<\/p>\n","protected":false},"author":1,"featured_media":0,"parent":0,"menu_order":0,"comment_status":"closed","ping_status":"open","template":"","meta":{"footnotes":""},"class_list":["post-9","page","type-page","status-publish","hentry"],"_links":{"self":[{"href":"http:\/\/synagoge-heinsheim.de\/en\/wp-json\/wp\/v2\/pages\/9","targetHints":{"allow":["GET"]}}],"collection":[{"href":"http:\/\/synagoge-heinsheim.de\/en\/wp-json\/wp\/v2\/pages"}],"about":[{"href":"http:\/\/synagoge-heinsheim.de\/en\/wp-json\/wp\/v2\/types\/page"}],"author":[{"embeddable":true,"href":"http:\/\/synagoge-heinsheim.de\/en\/wp-json\/wp\/v2\/users\/1"}],"replies":[{"embeddable":true,"href":"http:\/\/synagoge-heinsheim.de\/en\/wp-json\/wp\/v2\/comments?post=9"}],"version-history":[{"count":196,"href":"http:\/\/synagoge-heinsheim.de\/en\/wp-json\/wp\/v2\/pages\/9\/revisions"}],"predecessor-version":[{"id":2959,"href":"http:\/\/synagoge-heinsheim.de\/en\/wp-json\/wp\/v2\/pages\/9\/revisions\/2959"}],"wp:attachment":[{"href":"http:\/\/synagoge-heinsheim.de\/en\/wp-json\/wp\/v2\/media?parent=9"}],"curies":[{"name":"wp","href":"https:\/\/api.w.org\/{rel}","templated":true}]}}